{"id":318,"date":"2020-12-03T15:34:46","date_gmt":"2020-12-03T14:34:46","guid":{"rendered":"http:\/\/xrfcafx.cluster029.hosting.ovh.net\/?page_id=318"},"modified":"2024-05-15T11:31:40","modified_gmt":"2024-05-15T09:31:40","slug":"qui-suis-je","status":"publish","type":"page","link":"https:\/\/www.initiative.coach\/index.php\/qui-suis-je\/","title":{"rendered":"Qui suis-je ?"},"content":{"rendered":"<div class=\"wp-block-image\">\n<figure class=\"aligncenter size-large\"><img loading=\"lazy\" decoding=\"async\" width=\"1024\" height=\"683\" src=\"https:\/\/www.initiative.coach\/wp-content\/uploads\/2023\/03\/Portrait_Joel_par_@Christine-Huet-Morio_15022023-DSC09143-Format_4500x3000px_MD-1024x683.jpg\" alt=\"\" class=\"wp-image-4400\" srcset=\"https:\/\/www.initiative.coach\/wp-content\/uploads\/2023\/03\/Portrait_Joel_par_@Christine-Huet-Morio_15022023-DSC09143-Format_4500x3000px_MD-1024x683.jpg 1024w, https:\/\/www.initiative.coach\/wp-content\/uploads\/2023\/03\/Portrait_Joel_par_@Christine-Huet-Morio_15022023-DSC09143-Format_4500x3000px_MD-300x200.jpg 300w, https:\/\/www.initiative.coach\/wp-content\/uploads\/2023\/03\/Portrait_Joel_par_@Christine-Huet-Morio_15022023-DSC09143-Format_4500x3000px_MD-768x512.jpg 768w, https:\/\/www.initiative.coach\/wp-content\/uploads\/2023\/03\/Portrait_Joel_par_@Christine-Huet-Morio_15022023-DSC09143-Format_4500x3000px_MD-1536x1024.jpg 1536w, https:\/\/www.initiative.coach\/wp-content\/uploads\/2023\/03\/Portrait_Joel_par_@Christine-Huet-Morio_15022023-DSC09143-Format_4500x3000px_MD-2048x1366.jpg 2048w, https:\/\/www.initiative.coach\/wp-content\/uploads\/2023\/03\/Portrait_Joel_par_@Christine-Huet-Morio_15022023-DSC09143-Format_4500x3000px_MD-90x60.jpg 90w\" sizes=\"auto, (max-width: 1024px) 100vw, 1024px\" \/><\/figure>\n<\/div>\n\n\n<p><\/p>\n\n\n\n<p class=\"has-text-align-center\" style=\"font-size:18px\"><strong><mark style=\"background-color:rgba(0, 0, 0, 0)\" class=\"has-inline-color has-black-color\">Mari\u00e9 | P\u00e8re de deux gar\u00e7ons et grand-p\u00e8re de trois petits enfants<\/mark><\/strong><\/p>\n\n\n\n<p class=\"has-text-align-center\" style=\"font-size:18px\"><strong><mark style=\"background-color:rgba(0, 0, 0, 0)\" class=\"has-inline-color has-black-color\">Coach certifi\u00e9<\/mark><\/strong><\/p>\n\n\n\n<p class=\"has-text-align-center\" style=\"font-size:18px\"><mark style=\"background-color:rgba(0, 0, 0, 0)\" class=\"has-inline-color has-black-color\"><strong>DG | Patron d\u2019Exploitation | Dirigeant en TPE, PME et Groupes pendant 30 ans<\/strong><\/mark>.<\/p>\n\n\n\n<div style=\"height:30px\" aria-hidden=\"true\" class=\"wp-block-spacer\"><\/div>\n\n\n\n<p><mark style=\"background-color:rgba(0, 0, 0, 0)\" class=\"has-inline-color has-black-color\">Apr\u00e8s plus de <strong>30 ans d\u2019exp\u00e9rience<\/strong> en management op\u00e9rationnel<em> <\/em>dans les domaines de la <strong>Chimie<\/strong>, de l\u2019<strong>Industrie<\/strong>, du <strong>Tertiaire<\/strong> et des <strong>Services<\/strong> au sein de <strong>TPE<\/strong>, <strong>PME<\/strong> et <strong>Groupes<\/strong>.<\/mark><\/p>\n\n\n\n<p><mark style=\"background-color:rgba(0, 0, 0, 0)\" class=\"has-inline-color has-black-color\">J&rsquo;ai cr\u00e9e Initiative dans le but d&rsquo;\u00eatre aupr\u00e8s des dirigeants pour les accompagner dans leur mission.<\/mark><\/p>\n\n\n\n<div style=\"height:30px\" aria-hidden=\"true\" class=\"wp-block-spacer\"><\/div>\n\n\n\n<p><mark style=\"background-color:rgba(0, 0, 0, 0)\" class=\"has-inline-color has-black-color\">La question qui a attir\u00e9 plus particuli\u00e8rement mon attention&nbsp;lors de mon exp\u00e9rience professionnelle est :<\/mark><\/p>\n\n\n\n<p class=\"has-medium-font-size\"><em><mark style=\"background-color:rgba(0, 0, 0, 0)\" class=\"has-inline-color has-black-color\">\u00ab&nbsp;Pourquoi ai-je souvent rencontr\u00e9 des Femmes et des Hommes qui n\u2019adh\u00e9raient pas aux changements en cours, quels qu\u2019en furent la nature et le bien-fond\u00e9,&nbsp;alors qu&rsquo;ils \/ elles avaient toutes les cartes en main pour r\u00e9ussir ?&nbsp;\u00bb<\/mark><\/em><\/p>\n\n\n\n<div style=\"height:30px\" aria-hidden=\"true\" class=\"wp-block-spacer\"><\/div>\n\n\n\n<p><mark style=\"background-color:rgba(0, 0, 0, 0)\" class=\"has-inline-color has-black-color\">Cette question m\u2019a amen\u00e9 \u00e0 r\u00e9fl\u00e9chir sur ma propre exp\u00e9rience, en premier lieu, \u00e0 me former \u00e0 une th\u00e9orie d&rsquo;analyse de personnalit\u00e9, je suis Certifi\u00e9 <strong>Enn\u00e9agramme<\/strong> Professionnel. Cela m&rsquo;a ouvert un espace de compr\u00e9hension, d&rsquo;acceptation et d&rsquo;accueil des autres avec leur propre carte du monde qui m&rsquo;a \u00e9clair\u00e9 pour r\u00e9pondre \u00e0 mon interrogation et proposer un accompagnement sp\u00e9cifique et adapt\u00e9.  <\/mark><\/p>\n\n\n\n<p><mark style=\"background-color:rgba(0, 0, 0, 0)\" class=\"has-inline-color has-black-color\"> C&rsquo;est pourquoi, j&rsquo;ai pris l\u2019<strong><em>Initiative <\/em><\/strong>de cr\u00e9er mon Cabinet de Coaching ind\u00e9pendant tout en cr\u00e9ant les Concepts <strong>STARS<\/strong> et <strong>SEXTANT<\/strong> afin d&rsquo;accompagner les Femmes et les Hommes dans leur sph\u00e8re professionnelle afin qu&rsquo;ils se donnent la possibilit\u00e9, la chance de se r\u00e9v\u00e9ler et de prendre l&rsquo;<strong><em>Initiative<\/em><\/strong><em> <\/em>qui est en eux.<\/mark><\/p>\n\n\n\n<div style=\"height:20px\" aria-hidden=\"true\" class=\"wp-block-spacer\"><\/div>\n\n\n\n<p class=\"has-medium-font-size\"><strong><mark style=\"background-color:rgba(0, 0, 0, 0)\" class=\"has-inline-color has-black-color\">Ma conviction est :<\/mark><\/strong><\/p>\n\n\n\n<p class=\"has-text-align-center\" style=\"font-size:25px\"><mark style=\"background-color:rgba(0, 0, 0, 0)\" class=\"has-inline-color has-luminous-vivid-amber-color\"><strong>Prenez l&rsquo;Initiative d&rsquo;engager votre \u00e9quipe pour renforcer votre croissance<\/strong>.<\/mark><\/p>\n\n\n\n<p class=\"has-text-align-center\" style=\"font-size:25px\"><strong><mark style=\"background-color:rgba(0, 0, 0, 0)\" class=\"has-inline-color has-luminous-vivid-amber-color\">L\u2019<em>Initiative<\/em> est accessible en vous, \u00e0 condition de la r\u00e9v\u00e9ler.<\/mark><\/strong><\/p>\n\n\n\n<p><strong><mark style=\"background-color:rgba(0, 0, 0, 0)\" class=\"has-inline-color has-black-color\"><em>Jo\u00ebl Lafaille<\/em><\/mark><\/strong><\/p>\n\n\n\n<div style=\"height:20px\" aria-hidden=\"true\" class=\"wp-block-spacer\"><\/div>\n\n\n\n<div style=\"height:10px\" aria-hidden=\"true\" class=\"wp-block-spacer\"><\/div>\n\n\n\n<div class=\"wp-block-buttons is-layout-flex wp-block-buttons-is-layout-flex\">\n<div class=\"wp-block-button has-custom-width wp-block-button__width-100 is-style-outline is-style-outline--1\"><a class=\"wp-block-button__link has-white-color has-luminous-vivid-amber-background-color has-text-color has-background wp-element-button\" href=\"https:\/\/www.initiative.coach\/\" style=\"border-radius:0px\"><strong>En savoir plus<\/strong><\/a><\/div>\n<\/div>\n\n\n\n<div style=\"height:20px\" aria-hidden=\"true\" class=\"wp-block-spacer\"><\/div>\n\n\n\n<p><\/p>\n","protected":false},"excerpt":{"rendered":"<p>Mari\u00e9 | P\u00e8re de deux gar\u00e7ons et grand-p\u00e8re de trois petits enfants Coach certifi\u00e9 DG | Patron d\u2019Exploitation | Dirigeant en TPE, PME et Groupes pendant 30 ans. Apr\u00e8s plus de 30 ans d\u2019exp\u00e9rience en management op\u00e9rationnel dans les domaines &hellip; <\/p>\n","protected":false},"author":1,"featured_media":0,"parent":0,"menu_order":0,"comment_status":"closed","ping_status":"closed","template":"","meta":{"footnotes":""},"class_list":["post-318","page","type-page","status-publish","hentry"],"_links":{"self":[{"href":"https:\/\/www.initiative.coach\/index.php\/wp-json\/wp\/v2\/pages\/318","targetHints":{"allow":["GET"]}}],"collection":[{"href":"https:\/\/www.initiative.coach\/index.php\/wp-json\/wp\/v2\/pages"}],"about":[{"href":"https:\/\/www.initiative.coach\/index.php\/wp-json\/wp\/v2\/types\/page"}],"author":[{"embeddable":true,"href":"https:\/\/www.initiative.coach\/index.php\/wp-json\/wp\/v2\/users\/1"}],"replies":[{"embeddable":true,"href":"https:\/\/www.initiative.coach\/index.php\/wp-json\/wp\/v2\/comments?post=318"}],"version-history":[{"count":202,"href":"https:\/\/www.initiative.coach\/index.php\/wp-json\/wp\/v2\/pages\/318\/revisions"}],"predecessor-version":[{"id":7142,"href":"https:\/\/www.initiative.coach\/index.php\/wp-json\/wp\/v2\/pages\/318\/revisions\/7142"}],"wp:attachment":[{"href":"https:\/\/www.initiative.coach\/index.php\/wp-json\/wp\/v2\/media?parent=318"}],"curies":[{"name":"wp","href":"https:\/\/api.w.org\/{rel}","templated":true}]}}