{"id":487,"date":"2020-12-22T10:47:16","date_gmt":"2020-12-22T09:47:16","guid":{"rendered":"http:\/\/xrfcafx.cluster029.hosting.ovh.net\/?page_id=487"},"modified":"2023-04-11T11:42:54","modified_gmt":"2023-04-11T09:42:54","slug":"4-2-sphere-privee","status":"publish","type":"page","link":"https:\/\/www.initiative.coach\/index.php\/4-2-sphere-privee\/","title":{"rendered":"Z_Sph\u00e8re Priv\u00e9e STARS"},"content":{"rendered":"\n<p class=\"has-medium-font-size\"><strong>Un Projet de Vie STARS est :<\/strong><\/p>\n\n\n\n<div style=\"height:30px\" aria-hidden=\"true\" class=\"wp-block-spacer\"><\/div>\n\n\n\n<p class=\"has-drop-cap has-normal-font-size\"><strong><span class=\"has-inline-color has-luminous-vivid-orange-color\">S<\/span>PECIFIQUE : <\/strong>\u00e0 mon \u00e9quilibre de vie, mes valeurs et mes besoins personnels profonds et r\u00e9els. Cela repose sur \u00ab&nbsp;Moi&nbsp;\u00bb le long de mon chemin de vie<\/p>\n\n\n\n<div style=\"height:30px\" aria-hidden=\"true\" class=\"wp-block-spacer\"><\/div>\n\n\n\n<p class=\"has-drop-cap\"><strong><span class=\"has-inline-color has-vivid-green-cyan-color\">T<\/span>ERRITORIALEMENT ADAPTEE : <\/strong>avoir une interactivit\u00e9 locale &amp; sociale align\u00e9e avec mes valeurs qui vient nourrir mes besoins. Cela inclut un impact environnemental raisonn\u00e9 dans son activit\u00e9 globale<\/p>\n\n\n\n<div style=\"height:30px\" aria-hidden=\"true\" class=\"wp-block-spacer\"><\/div>\n\n\n\n<p class=\"has-drop-cap has-normal-font-size\"><strong><span class=\"has-inline-color has-pale-pink-color\">A<\/span>TTRACTIVE : <\/strong>tendre vers un niveau d\u2019Estime de moi suffisamment \u00e9lev\u00e9 pour \u00eatre disponible et authentique \u00e0 soi et \u00e0 l\u2019autre. Cela va me rendre visible \u00e0 l\u2019attention de l\u2019autre sur moi avec ouverture et bienveillance<\/p>\n\n\n\n<div style=\"height:30px\" aria-hidden=\"true\" class=\"wp-block-spacer\"><\/div>\n\n\n\n<p class=\"has-drop-cap has-normal-font-size\"><strong><span class=\"has-inline-color has-vivid-cyan-blue-color\">R<\/span>EALISTE : <\/strong>ne pas me mentir et rester moi-m\u00eame sur mon chemin de vie en ayant des objectifs motivants et gratifiants. <em>\u00ab&nbsp;Un voyage de mille lieues commence toujours par un premier pas. \u00bb<\/em> Lao Tseu <em>(Sage chinois VI si\u00e8cle BC)<\/em><\/p>\n\n\n\n<div style=\"height:30px\" aria-hidden=\"true\" class=\"wp-block-spacer\"><\/div>\n\n\n\n<p class=\"has-drop-cap has-normal-font-size\"><strong><span class=\"has-inline-color has-vivid-red-color\">S<\/span>TYLIQUE* : <\/strong>avec une identit\u00e9, porter et partager des valeurs avec son entourage et son environnement afin de faire avancer une cause qui me d\u00e9passe au service des autres : Le sens de ma vie<\/p>\n\n\n\n<div style=\"height:80px\" aria-hidden=\"true\" class=\"wp-block-spacer\"><\/div>\n\n\n\n<div class=\"wp-block-buttons is-layout-flex wp-block-buttons-is-layout-flex\">\n<div class=\"wp-block-button is-style-outline is-style-outline--1\"><a class=\"wp-block-button__link has-luminous-vivid-orange-color has-text-color\" href=\"https:\/\/www.initiative.coach\/index.php\/4-1-origine-concept-stars\/\"><em><strong>\u00ab\u00a0Origine Concept STARS\u00a0\u00bb<\/strong><\/em><\/a><\/div>\n<\/div>\n\n\n\n<p><\/p>\n","protected":false},"excerpt":{"rendered":"<p>Un Projet de Vie STARS est : SPECIFIQUE : \u00e0 mon \u00e9quilibre de vie, mes valeurs et mes besoins personnels profonds et r\u00e9els. Cela repose sur \u00ab&nbsp;Moi&nbsp;\u00bb le long de mon chemin de vie TERRITORIALEMENT ADAPTEE : avoir une interactivit\u00e9 &hellip; <\/p>\n","protected":false},"author":1,"featured_media":0,"parent":0,"menu_order":0,"comment_status":"closed","ping_status":"closed","template":"","meta":{"footnotes":""},"class_list":["post-487","page","type-page","status-publish","hentry"],"_links":{"self":[{"href":"https:\/\/www.initiative.coach\/index.php\/wp-json\/wp\/v2\/pages\/487","targetHints":{"allow":["GET"]}}],"collection":[{"href":"https:\/\/www.initiative.coach\/index.php\/wp-json\/wp\/v2\/pages"}],"about":[{"href":"https:\/\/www.initiative.coach\/index.php\/wp-json\/wp\/v2\/types\/page"}],"author":[{"embeddable":true,"href":"https:\/\/www.initiative.coach\/index.php\/wp-json\/wp\/v2\/users\/1"}],"replies":[{"embeddable":true,"href":"https:\/\/www.initiative.coach\/index.php\/wp-json\/wp\/v2\/comments?post=487"}],"version-history":[{"count":17,"href":"https:\/\/www.initiative.coach\/index.php\/wp-json\/wp\/v2\/pages\/487\/revisions"}],"predecessor-version":[{"id":4573,"href":"https:\/\/www.initiative.coach\/index.php\/wp-json\/wp\/v2\/pages\/487\/revisions\/4573"}],"wp:attachment":[{"href":"https:\/\/www.initiative.coach\/index.php\/wp-json\/wp\/v2\/media?parent=487"}],"curies":[{"name":"wp","href":"https:\/\/api.w.org\/{rel}","templated":true}]}}