{"id":688,"date":"2020-12-22T17:47:56","date_gmt":"2020-12-22T16:47:56","guid":{"rendered":"http:\/\/xrfcafx.cluster029.hosting.ovh.net\/?page_id=688"},"modified":"2023-04-11T11:30:17","modified_gmt":"2023-04-11T09:30:17","slug":"3-2-sphere-privee","status":"publish","type":"page","link":"https:\/\/www.initiative.coach\/index.php\/3-2-sphere-privee\/","title":{"rendered":"Z_Approche Sph\u00e8re Priv\u00e9e"},"content":{"rendered":"\n<p>Les nouveaux enjeux, notamment ceux qui nous sont impos\u00e9s par la r\u00e9cente crise sanitaire sans pr\u00e9c\u00e9dent pour les g\u00e9n\u00e9rations actuelles amplifient la r\u00e9flexion sur la relation professionnelle \/ personnelle.<\/p>\n\n\n\n<p>Le t\u00e9l\u00e9travail est pl\u00e9biscit\u00e9, par certains, pour vivre diff\u00e9remment et y voient une opportunit\u00e9 de \u00ab\u00a0vivre mieux\u00a0\u00bb sans pour autant identifier ce que \u00ab\u00a0vivre mieux\u00a0\u00bb signifie vraiment.<\/p>\n\n\n\n<p>Cette d\u00e9marche va engendrer des r\u00e9\u00e9valuations, des renoncements, des questionnements et des prises de d\u00e9cisions ou pas&nbsp;:<\/p>\n\n\n\n<ul class=\"wp-block-list\">\n<li>L\u2019organisation de ma vie est-elle toujours pertinente ? et performante ? De quelle performance parlons-nous ? de quel sens parlons-nous ?<\/li>\n\n\n\n<li>Comment allons-nous nous motiver dans les ann\u00e9es \u00e0 venir ?<\/li>\n\n\n\n<li>Suis-je motiv\u00e9 dans ma vie et pourquoi ? Comment vais-je me motiver ? et sur quoi ? dans quel cadre ? Pro ? Perso ? Plus largement dans ma vie&nbsp;?<\/li>\n\n\n\n<li>Comment prendre en compte mes envies de revenir au fondamentaux ? Mais de quel fondamentaux parlons-nous ? Vivre sainement ? (bilan carbone, consommer des produits locaux, etc\u2026)<\/li>\n\n\n\n<li>O\u00f9 se situe la fronti\u00e8re de la vie pro\/perso&nbsp;? existe-t-elle encore&nbsp;?<\/li>\n\n\n\n<li>Comment int\u00e9grer mon bien-\u00eatre ? mais aussi celui de ceux qui m&rsquo;entourent ?<\/li>\n\n\n\n<li>Comment rester en lien avec mon environnement ? \u00catre attractif (ive) vis-\u00e0-vis des autres&nbsp;?<\/li>\n\n\n\n<li>Comment rester attractif (ive) au monde du travail en int\u00e9grant mon bien-\u00eatre&nbsp;?<\/li>\n\n\n\n<li>Comment int\u00e9grer le d\u00e9veloppement de soi&nbsp;? Comment expliquer cela \u00e0 mon entreprise ? Vais-devoir changer de job ?<\/li>\n\n\n\n<li>Mon d\u00e9veloppement va-t-il \u00e0 l&rsquo;encontre de la vie \u00e9conomique ? <\/li>\n\n\n\n<li>Comment chacune et chacun va pouvoir se d\u00e9velopper en satisfaisant ses besoins&nbsp;?<\/li>\n\n\n\n<li>Comment revisiter ses valeurs, ses besoins et en d\u00e9duire son \u00e9quilibre de vie&nbsp;?<\/li>\n\n\n\n<li>Quelle place donner \u00e0 soi, sa famille, ses amis et son emploi&nbsp;?<\/li>\n\n\n\n<li>Etc\u2026<\/li>\n<\/ul>\n\n\n\n<p>Ce nouvel \u00ab&nbsp;Art de vivre\u00a0\u00bb, int\u00e9grant le d\u00e9veloppement de soi dans son contexte de vie est un sujet d&rsquo;actualit\u00e9 pour les femmes et les hommes d&rsquo;aujourd&rsquo;hui. Le sujet, ainsi pos\u00e9, est global et demande bien s\u00fbr \u00e0 \u00eatre personnalis\u00e9 \u00e0 chaque exp\u00e9rience de vie.<\/p>\n\n\n\n<p class=\"has-medium-font-size\"><strong>C&rsquo;est ainsi que la probl\u00e9matique des Femmes et des hommes d&rsquo;aujourd&rsquo;hui devient quelque chose de l&rsquo;ordre de : \u00ab\u00a0comment avancer sur le chemin de ma vie en ad\u00e9quation avec moi et mon entourage ?\u00a0\u00bb.<\/strong><\/p>\n\n\n\n<div style=\"height:20px\" aria-hidden=\"true\" class=\"wp-block-spacer\"><\/div>\n\n\n\n<p class=\"has-drop-cap has-medium-font-size\"><strong><span class=\"has-inline-color has-vivid-cyan-blue-color\">Se mettre au service de sa propre \u00e9cologie en toute authenticit\u00e9 pour soi et pour les autres afin de se r\u00e9aliser dans le respect et l&rsquo;ouverture aux cartes du monde des autres.<\/span><\/strong><\/p>\n\n\n\n<div style=\"height:20px\" aria-hidden=\"true\" class=\"wp-block-spacer\"><\/div>\n\n\n\n<p class=\"has-medium-font-size\"><strong>d\u2019o\u00f9<\/strong><\/p>\n\n\n\n<div style=\"height:20px\" aria-hidden=\"true\" class=\"wp-block-spacer\"><\/div>\n\n\n\n<p class=\"has-drop-cap has-medium-font-size\"><em><strong><span class=\"has-inline-color has-vivid-green-cyan-color\">Comment en donnant la main \u00e0 son ego prendre soin de soi, se sentir bien, \u00e9panouis et ouvert aux autres en toute authenticit\u00e9&nbsp;?<\/span><\/strong><\/em><\/p>\n\n\n\n<div style=\"height:20px\" aria-hidden=\"true\" class=\"wp-block-spacer\"><\/div>\n\n\n\n<p class=\"has-medium-font-size\"><strong>Ainsi, je vous propose de vous accompagner \u00e0 r\u00e9pondre \u00e0 la question&nbsp;:<\/strong><\/p>\n\n\n\n<div style=\"height:20px\" aria-hidden=\"true\" class=\"wp-block-spacer\"><\/div>\n\n\n\n<p class=\"has-drop-cap has-medium-font-size\"><strong><span class=\"has-inline-color has-luminous-vivid-amber-color\"><em>Comment accompagner le d\u00e9veloppement de la personne dans son unicit\u00e9 \u00e0 se donner un projet de vie <\/em>STARS pour r\u00e9pondre \u00e0 ses nouvelles probl\u00e9matiques quotidiennes<em> ?<\/em><\/span><\/strong><\/p>\n\n\n\n<div style=\"height:50px\" aria-hidden=\"true\" class=\"wp-block-spacer\"><\/div>\n\n\n\n<div class=\"wp-block-buttons is-layout-flex wp-block-buttons-is-layout-flex\">\n<div class=\"wp-block-button is-style-outline is-style-outline--1\"><a class=\"wp-block-button__link has-luminous-vivid-orange-color has-text-color wp-element-button\" href=\"https:\/\/www.initiative.coach\/index.php\/4-2-sphere-privee\/\"><strong>Vision STARS appliqu\u00e9e \u00e0 la Sph\u00e8re Priv\u00e9e<\/strong><\/a><\/div>\n\n\n\n<div class=\"wp-block-button is-style-outline is-style-outline--2\"><a class=\"wp-block-button__link has-luminous-vivid-orange-color has-text-color wp-element-button\" href=\"https:\/\/www.initiative.coach\/index.php\/2-vos-besoins\/\"><strong>Vos besoins Priv\u00e9s<\/strong><\/a><\/div>\n<\/div>\n\n\n\n<p><\/p>\n","protected":false},"excerpt":{"rendered":"<p>Les nouveaux enjeux, notamment ceux qui nous sont impos\u00e9s par la r\u00e9cente crise sanitaire sans pr\u00e9c\u00e9dent pour les g\u00e9n\u00e9rations actuelles amplifient la r\u00e9flexion sur la relation professionnelle \/ personnelle. Le t\u00e9l\u00e9travail est pl\u00e9biscit\u00e9, par certains, pour vivre diff\u00e9remment et y &hellip; <\/p>\n","protected":false},"author":1,"featured_media":0,"parent":0,"menu_order":0,"comment_status":"closed","ping_status":"closed","template":"","meta":{"footnotes":""},"class_list":["post-688","page","type-page","status-publish","hentry"],"_links":{"self":[{"href":"https:\/\/www.initiative.coach\/index.php\/wp-json\/wp\/v2\/pages\/688","targetHints":{"allow":["GET"]}}],"collection":[{"href":"https:\/\/www.initiative.coach\/index.php\/wp-json\/wp\/v2\/pages"}],"about":[{"href":"https:\/\/www.initiative.coach\/index.php\/wp-json\/wp\/v2\/types\/page"}],"author":[{"embeddable":true,"href":"https:\/\/www.initiative.coach\/index.php\/wp-json\/wp\/v2\/users\/1"}],"replies":[{"embeddable":true,"href":"https:\/\/www.initiative.coach\/index.php\/wp-json\/wp\/v2\/comments?post=688"}],"version-history":[{"count":30,"href":"https:\/\/www.initiative.coach\/index.php\/wp-json\/wp\/v2\/pages\/688\/revisions"}],"predecessor-version":[{"id":4558,"href":"https:\/\/www.initiative.coach\/index.php\/wp-json\/wp\/v2\/pages\/688\/revisions\/4558"}],"wp:attachment":[{"href":"https:\/\/www.initiative.coach\/index.php\/wp-json\/wp\/v2\/media?parent=688"}],"curies":[{"name":"wp","href":"https:\/\/api.w.org\/{rel}","templated":true}]}}