{"id":907,"date":"2020-12-24T09:11:09","date_gmt":"2020-12-24T08:11:09","guid":{"rendered":"http:\/\/xrfcafx.cluster029.hosting.ovh.net\/?page_id=907"},"modified":"2023-04-17T13:39:39","modified_gmt":"2023-04-17T11:39:39","slug":"prise-de-contact","status":"publish","type":"page","link":"https:\/\/www.initiative.coach\/index.php\/prise-de-contact\/","title":{"rendered":"Contact"},"content":{"rendered":"\n<div class=\"wp-block-media-text alignwide is-stacked-on-mobile\" style=\"grid-template-columns:33% auto\"><figure class=\"wp-block-media-text__media\"><img decoding=\"async\" src=\"https:\/\/www.initiative.coach\/wp-content\/uploads\/2023\/03\/Portrait_Joel_par_@Christine-Huet-Morio_15022023-DSC09298-Format_4500x3000px_MD-683x1024.jpg\" alt=\"\" class=\"wp-image-4406 size-full\"\/><\/figure><div class=\"wp-block-media-text__content\">\n<p class=\"has-text-align-left\" style=\"font-size:25px\"><strong><mark style=\"background-color:rgba(0, 0, 0, 0)\" class=\"has-inline-color has-black-color\">Parlons-en autour d&rsquo;un caf\u00e9<\/mark><\/strong><\/p>\n\n\n\n<p class=\"has-text-align-left\" style=\"font-size:25px\"><strong><mark style=\"background-color: rgba(0, 0, 0, 0)\" class=\"has-inline-color has-luminous-vivid-amber-color\"><b>Travaillons et <\/b>r\u00e9ussissons ensemble pour accro\u00eetre de 15% la productivit\u00e9 de votre \u00e9quipe.<\/mark><\/strong><\/p>\n\n\n\n<p><\/p>\n\n\n\n<div style=\"height:15px\" aria-hidden=\"true\" class=\"wp-block-spacer\"><\/div>\n\n\n\n<p class=\"has-medium-font-size\"><strong><mark style=\"background-color:rgba(0, 0, 0, 0)\" class=\"has-inline-color has-black-color\">A bient\u00f4t<\/mark><\/strong><\/p>\n\n\n\n<p><strong><mark style=\"background-color:rgba(0, 0, 0, 0)\" class=\"has-inline-color has-black-color\">Jo\u00ebl<\/mark><\/strong><\/p>\n\n\n\n<p><\/p>\n<\/div><\/div>\n\n\n\n<div style=\"height:10px\" aria-hidden=\"true\" class=\"wp-block-spacer\"><\/div>\n\n\n\n<div class=\"wp-block-buttons is-layout-flex wp-block-buttons-is-layout-flex\">\n<div class=\"wp-block-button has-custom-width wp-block-button__width-100 has-custom-font-size is-style-outline is-style-outline--1\" style=\"font-size:25px\"><a class=\"wp-block-button__link has-luminous-vivid-orange-color has-luminous-vivid-orange-background-color has-text-color has-background wp-element-button\" href=\"https:\/\/calendly.com\/joel-lafaille\/rencontre_autour_d_un_cafe\" target=\"_blank\" rel=\"noreferrer noopener\"><strong><mark style=\"background-color:rgba(0, 0, 0, 0)\" class=\"has-inline-color has-white-color\">&#8230; <em>en un clic pour un caf\u00e9<\/em><\/mark><\/strong><\/a><\/div>\n<\/div>\n","protected":false},"excerpt":{"rendered":"","protected":false},"author":1,"featured_media":0,"parent":0,"menu_order":0,"comment_status":"closed","ping_status":"closed","template":"","meta":{"footnotes":""},"class_list":["post-907","page","type-page","status-publish","hentry"],"_links":{"self":[{"href":"https:\/\/www.initiative.coach\/index.php\/wp-json\/wp\/v2\/pages\/907","targetHints":{"allow":["GET"]}}],"collection":[{"href":"https:\/\/www.initiative.coach\/index.php\/wp-json\/wp\/v2\/pages"}],"about":[{"href":"https:\/\/www.initiative.coach\/index.php\/wp-json\/wp\/v2\/types\/page"}],"author":[{"embeddable":true,"href":"https:\/\/www.initiative.coach\/index.php\/wp-json\/wp\/v2\/users\/1"}],"replies":[{"embeddable":true,"href":"https:\/\/www.initiative.coach\/index.php\/wp-json\/wp\/v2\/comments?post=907"}],"version-history":[{"count":205,"href":"https:\/\/www.initiative.coach\/index.php\/wp-json\/wp\/v2\/pages\/907\/revisions"}],"predecessor-version":[{"id":4860,"href":"https:\/\/www.initiative.coach\/index.php\/wp-json\/wp\/v2\/pages\/907\/revisions\/4860"}],"wp:attachment":[{"href":"https:\/\/www.initiative.coach\/index.php\/wp-json\/wp\/v2\/media?parent=907"}],"curies":[{"name":"wp","href":"https:\/\/api.w.org\/{rel}","templated":true}]}}